{"id":540,"date":"2019-03-06T23:14:19","date_gmt":"2019-03-06T23:14:19","guid":{"rendered":"http:\/\/kystgeitaioslo.no\/?post_type=blockchain_service&#038;p=540"},"modified":"2021-06-07T19:40:29","modified_gmt":"2021-06-07T19:40:29","slug":"kystgeitene-pa-bogstad-besoksgard","status":"publish","type":"page","link":"https:\/\/kystgeitaioslo.no\/?page_id=540","title":{"rendered":"Kystgeitene p\u00e5 Bogstad bes\u00f8ksg\u00e5rd"},"content":{"rendered":"<p>Bogstad g\u00e5rd, ved Bymilj\u00f8etaten Oslo kommune ble vert for den aller f\u00f8rste flokken av rasen p\u00e5 \u00d8stlandet. Her kom det i 2016 4 bukker og 19 geiter. Disse har blir oppformert og en b\u00e6rekraftig avlsplan bidrar til \u00e5 \u00f8ke antallet av disse fire familiene.<\/p>\n<p>P\u00e5 sommeren brukes geitene til ulike skj\u00f8tselsprosjekter. Det har v\u00e6rt \u00e5pnet et gammelt landskap ved Zinober, hvor utsikten fra en gammel tursti ut mot dalen er gjenopprettet. Ved den gamle Maskinl\u00e5ven fra Herman Wedel-Jarlsbergs tid p\u00e5 Bogstad er landskapet \u00e5pnet, og bekken som en gang drev maskinene med vannkraft i l\u00e5ven er igjen synlig hele veien fra turveien som bes\u00f8kende til g\u00e5rden bruker. Ved \u00c5rnes er det beitet slik at det n\u00e5 kommer med lys ned til bakken innimellom tr\u00e6r og busker slik at dette blir et bedre beite for storfe og sau. Neste prosjekt skal geitene \u00e5pne opp for utsikt fra S\u00f8rkedalsveien og ut mot Bogstadvannet, busksjiktet skal beites, og tr\u00e6rne som skal st\u00e5 igjen skal beskyttes mot stammebarking med netting.<\/p>\n<p>Geiteholdet p\u00e5 g\u00e5rden er \u00f8kologisk og Debio-godkjent. F\u00f4ret dyrkes p\u00e5 g\u00e5rden, og kystgeitene g\u00e5r ute hele \u00e5ret rundt med mulighet til \u00e5 komme inn og s\u00f8ke ly i egne hus. P\u00e5 vinteren er kystgeitene p\u00e5 Str\u00f8msbr\u00e5ten, hvor turg\u00e5ere kan se dem \u00e5ret rundt, selv fra skil\u00f8ypa p\u00e5 vinteren.\u00a0 Kjeingen skjer i april, og er en yndet tid blant turg\u00e5ere i omr\u00e5det \u00e5 se innom geitene og alle sm\u00e5 kjeene som spretter rundt.<\/p>\n<p>Det er i dag 2 familiegrupper igjen p\u00e5 Bogstad g\u00e5rd, det er solgt ut to familiegrupper til andre g\u00e5rder, og det \u00e5pnes sakte men sikkert opp for enn\u00e5 flere samarbeidspartnere.<\/p>\n<p>Kystgeiter er kanskje de morsomste husdyrene som finnes p\u00e5 g\u00e5rden, de er nysgjerrige, \u00e5rv\u00e5kne, lekne og tillitsfulle.<\/p>\n","protected":false},"excerpt":{"rendered":"<p>Kort tekst om Bogstad g\u00e5rds geiter<\/p>\n","protected":false},"author":1,"featured_media":539,"parent":0,"menu_order":0,"comment_status":"closed","ping_status":"closed","template":"","meta":{"footnotes":""},"_links":{"self":[{"href":"https:\/\/kystgeitaioslo.no\/index.php?rest_route=\/wp\/v2\/pages\/540"}],"collection":[{"href":"https:\/\/kystgeitaioslo.no\/index.php?rest_route=\/wp\/v2\/pages"}],"about":[{"href":"https:\/\/kystgeitaioslo.no\/index.php?rest_route=\/wp\/v2\/types\/page"}],"author":[{"embeddable":true,"href":"https:\/\/kystgeitaioslo.no\/index.php?rest_route=\/wp\/v2\/users\/1"}],"replies":[{"embeddable":true,"href":"https:\/\/kystgeitaioslo.no\/index.php?rest_route=%2Fwp%2Fv2%2Fcomments&post=540"}],"version-history":[{"count":2,"href":"https:\/\/kystgeitaioslo.no\/index.php?rest_route=\/wp\/v2\/pages\/540\/revisions"}],"predecessor-version":[{"id":613,"href":"https:\/\/kystgeitaioslo.no\/index.php?rest_route=\/wp\/v2\/pages\/540\/revisions\/613"}],"wp:featuredmedia":[{"embeddable":true,"href":"https:\/\/kystgeitaioslo.no\/index.php?rest_route=\/wp\/v2\/media\/539"}],"wp:attachment":[{"href":"https:\/\/kystgeitaioslo.no\/index.php?rest_route=%2Fwp%2Fv2%2Fmedia&parent=540"}],"curies":[{"name":"wp","href":"https:\/\/api.w.org\/{rel}","templated":true}]}}