{"id":531,"date":"2019-03-06T23:01:53","date_gmt":"2019-03-06T23:01:53","guid":{"rendered":"http:\/\/kystgeitaioslo.no\/?post_type=blockchain_service&#038;p=531"},"modified":"2021-06-07T19:44:08","modified_gmt":"2021-06-07T19:44:08","slug":"bevaring","status":"publish","type":"page","link":"https:\/\/kystgeitaioslo.no\/?page_id=531","title":{"rendered":"Kystgeiter som husdyr"},"content":{"rendered":"<p>S\u00e5 snart kjeingen er ferdig blir alle bukkekjeene vurdert p\u00e5 bakgrunn av avstamming og helse\/eksteri\u00f8r for videre avl. Det er viktig at innavlsutviklingen blir lavest mulig over tid for \u00e5 bevare rasen. De bukkekjeene som ikke skal nyttes i avl blir kastrert og blir den framtidige kj\u00f8ttproduksjonen. Geitekjeene og kastratkjeene f\u00e5r g\u00e5 med m\u00f8drene til de naturlig avvennes, mens de framtidig avlsbukkene skilles fra m\u00f8drene i 2 m\u00e5neders alder. Dette skjer fordi bukkekje blir tidlig kj\u00f8nnsmodne, og vi m\u00e5 inng\u00e5 at de parrer sin egen mor eller andre n\u00e6re slektninger p\u00e5 beitet. Bukkekjeene kan gjerne g\u00e5 sammen med eldre bukker p\u00e5 eget beite, og l\u00e6re seg hvor de finner god mat og hvor de skal s\u00f8ke ly n\u00e5r v\u00e6ret sl\u00e5r om.<\/p>\n<p>Geitene blir f\u00f8rste gang paret n\u00e5r de er halvannet \u00e5r, slik at de f\u00e5r vokst seg naturlig voksne. Kystgeitene f\u00e5r vanligvis ett eller to kje, de er gode m\u00f8dre og har lette f\u00f8dsler. Dette gj\u00f8r at arbeidet rundt kjeeing pleier \u00e5 g\u00e5 lett. Det er god helsestandard i flokken, og vi har hatt f\u00e5 uhell.<\/p>\n<p>Geitene har en streng rangordning, og kan virke harde med hverandre. De med h\u00f8y rang stanger gjerne unna de med lavere rang for \u00e5 fortelle at her er jeg, og jeg skal spise dette f\u00f8rst. \u00c5 f\u00f4re geitene p\u00e5 en slik m\u00e5te at alle f\u00e5r spise samtidig er smart, s\u00e5 unng\u00e5r man konflikt om maten. Men geitene kan noen ganger v\u00e6re litt harde, og det hender de sier i fra litt hardt s\u00e5 noen f\u00e5r seg \u00abei l\u00e5r h\u00f8ne\u00bb og kanskje blir litt \u00f8mme en dag eller to. Heldig vis g\u00e5r\u00a0dette fort over, ellers m\u00e5 man tilkalle en dyrlege. P\u00e5 beitet g\u00e5r geitene i flokk, men hender ofte at de deler seg opp i undergrupper med familieflokker i det de sprer seg utover. En eldre mor med d\u00f8tre fra tidligere \u00e5r og alle deres sm\u00e5 kje pleier ofte \u00e5 g\u00e5 sammen. N\u00e5r de forflytter seg igjen er det som regel de eldre geitene, men matriarken i front som leder an. Geiter er selektive i hva de spiser, og beiter helst p\u00e5 det som smaker best og er mest n\u00e6ringsrikt; tre- og busk-aktige vekster og urter er foretrukket.<\/p>\n<p>Vinterstid f\u00e5r geitene lokalprodusert grovf\u00f4r i form av h\u00f8yensilage, dette er sv\u00e6rt t\u00f8rr ensilage som er h\u00f8stet etter at timoteien skyter. P\u00e5 Bogstad g\u00e5rd er alt f\u00f4ret \u00f8kologisk. De f\u00e5r ogs\u00e5 et tilskudd med sm\u00e5 mengder \u00f8kologisk kraftf\u00f4r vinterstid siden de g\u00e5r ute \u00e5ret rundt, samt mineraler. Vannet gis i automatiske drikkekar med varmekabel, slik at det ikke blir noe problem med vanntilgangen selv n\u00e5r temperaturen er lav.<\/p>\n<p>\u00abVinterbeitet\u00bb har gjerde som er ca. 2 meter h\u00f8yt, dette for \u00e5 s\u00f8rge for at geitene holder seg innenfor og eventuelle rovdyr\/l\u00f8shunder holdes utenfor. De har p\u00e5 Bogstad rundbuehaller hvor de s\u00f8ker ly n\u00e5r det regner eller v\u00e6ret ikke er godt nok til \u00e5 v\u00e6re ute. Dette er gjenbrukshaller som har v\u00e6rt p\u00e5 g\u00e5rden over tid, og er ellers rimelig i innkj\u00f8p. Geiter skal ha t\u00f8rt underlag, og det er viktig at de ogs\u00e5 kan s\u00f8ke inn mot en vegg slik at de f\u00f8ler de kan sove trygt. Trekk er ogs\u00e5 en fordel \u00e5 unng\u00e5. Det er god erfaring med falle med halm som underlag i huset.<\/p>\n<p>F\u00f8r beiteslipp er det klauskj\u00e6ring og behandling mot snyltere. Geitene vaksineres minste 2 uker f\u00f8r kjeing, og s\u00e5 revaksineres kjeene p\u00e5 h\u00f8sten. Etter kjeing, men f\u00f8r beiteslipp tas det melkepr\u00f8ver av hver lakterende geit, som sendes til unders\u00f8kelse for helsetilstanden i flokken, da unders\u00f8kes status for CAE, byllesjuke og paratuberkulose.<\/p>\n<p>Gjerder p\u00e5 beitene er sauenetting 1,0 \u2013 1,1 m h\u00f8ye med topptr\u00e5d med str\u00f8m. Dette holder geiter med kje innenfor gjerdet uten problemer. Bukkene er p\u00e5 beite med god avstand til geitene, slik at de ikke p\u00e5virkes av brunstlukt, da kan bukkene holdes inne p\u00e5 beitet med 3-4 str\u00f8mtr\u00e5der.<\/p>\n<p>Noen har erfaring for \u00e5 bruke \u00abno-fence\u00bb p\u00e5 kastratbukker. Det er viktig at man ikke risikerer rovdyrangrep (gjelder ogs\u00e5 hunder) som husdyreier er man p\u00e5lagt \u00e5 beskytte dyrene sine mot farer. Styring av beite kan v\u00e6re nyttig n\u00e5r verkt\u00f8yet brukes riktig. Husk \u00e5 skilte tydelig at det er beitedyr i omr\u00e5det enten man bruker dette eller ordin\u00e6re gjerder. Uansett hvordan man legger opp beitestrategi kreves det regelmessig ettersyn av dyr p\u00e5 beite, man kan ikke sette ut dyr p\u00e5 en holme og regne med at det g\u00e5r bra gjennom sommeren.<\/p>\n","protected":false},"excerpt":{"rendered":"<p>Kort om husdyrhold<\/p>\n","protected":false},"author":1,"featured_media":538,"parent":0,"menu_order":0,"comment_status":"closed","ping_status":"closed","template":"","meta":{"footnotes":""},"_links":{"self":[{"href":"https:\/\/kystgeitaioslo.no\/index.php?rest_route=\/wp\/v2\/pages\/531"}],"collection":[{"href":"https:\/\/kystgeitaioslo.no\/index.php?rest_route=\/wp\/v2\/pages"}],"about":[{"href":"https:\/\/kystgeitaioslo.no\/index.php?rest_route=\/wp\/v2\/types\/page"}],"author":[{"embeddable":true,"href":"https:\/\/kystgeitaioslo.no\/index.php?rest_route=\/wp\/v2\/users\/1"}],"replies":[{"embeddable":true,"href":"https:\/\/kystgeitaioslo.no\/index.php?rest_route=%2Fwp%2Fv2%2Fcomments&post=531"}],"version-history":[{"count":2,"href":"https:\/\/kystgeitaioslo.no\/index.php?rest_route=\/wp\/v2\/pages\/531\/revisions"}],"predecessor-version":[{"id":616,"href":"https:\/\/kystgeitaioslo.no\/index.php?rest_route=\/wp\/v2\/pages\/531\/revisions\/616"}],"wp:featuredmedia":[{"embeddable":true,"href":"https:\/\/kystgeitaioslo.no\/index.php?rest_route=\/wp\/v2\/media\/538"}],"wp:attachment":[{"href":"https:\/\/kystgeitaioslo.no\/index.php?rest_route=%2Fwp%2Fv2%2Fmedia&parent=531"}],"curies":[{"name":"wp","href":"https:\/\/api.w.org\/{rel}","templated":true}]}}