{"id":505,"date":"2019-03-06T22:03:48","date_gmt":"2019-03-06T22:03:48","guid":{"rendered":"http:\/\/kystgeitaioslo.no\/?page_id=505"},"modified":"2021-06-07T20:25:53","modified_gmt":"2021-06-07T20:25:53","slug":"kulturlandskap","status":"publish","type":"page","link":"https:\/\/kystgeitaioslo.no\/?page_id=505","title":{"rendered":"Kulturlandskap"},"content":{"rendered":"<p>Oslos gr\u00f8nne landskap er p\u00e5virket av menneskene som har levd der over generasjoner og hvordan vi har levd, med jordbruket, husdyrholdet og byen som har utviklet seg betydelig siden midten av 1900-tallet. Stedsnavn b\u00e6rer preg av dette, og det er flere navn som forteller oss om tidligere tiders geitehold: Mellom Bygd\u00f8y og Fornebu finner vi Killingen og Geitholmen. Rett s\u00f8r for Fornebu finner vi Kjeholmen. I Oslo har vi ogs\u00e5 Geitemyra, og i Maridalsvannet er det en liten \u00f8y som heter Geit\u00f8ya. Det er ikke s\u00e5 rart at disse navnene er p\u00e5 \u00f8yer og holmer, geitene er d\u00e5rlige p\u00e5 \u00e5 sv\u00f8mme, slik at vannet begrenser deres bevegelser. Ellers er geiter smarte dyr som gjerne utfordrer gjerdene dersom de finner en svakhet. Vi har erfaring for at gode nettinggjerder med str\u00f8mtr\u00e5d \u00f8verst holder geiter med kje p\u00e5 det omr\u00e5det de er tiltenkt. Bukker som holdes i en viss avstand fra geiteflokken (slik at de ikke lukter eventuell brunst) holdes lett p\u00e5 plass med 3-4 str\u00f8mtr\u00e5der. P\u00e5 denne m\u00e5ten er det mulig \u00e5 f\u00e5 til rimelig skj\u00f8tsel selv i problemomr\u00e5der.<\/p>\n<p>Kystgeitene prefererer andre beiteplanter enn storfe og sau, de foretrekker lauv fra tr\u00e6r og busker, knopper og skudd, og gnager gjerne bark, s\u00e6rlig p\u00e5 rogn, osp, selje, men g\u00e5r heller ikke av veien for gran, bj\u00f8rk eller eik heller. Ellers beiter de ogs\u00e5 mye p\u00e5 urter, og i mindre grad gras. Dette gj\u00f8r at de er perfekte pion\u00e9rbeitere i omr\u00e5der man \u00f8nsker \u00e5 gjen\u00e5pne. Geitene er flinke til \u00e5 ta seg fram i terrenget, og strekker seg gjerne etter de plantedelene som smaker aller best. P\u00e5 denne m\u00e5ten beiter de mye tre- og busk-aktige planter i sikt-sjiktet til oss mennesker, noe som gir en bedre opplevelse av landskapet. \u00c5 beite bort mye av buskaset i tette omr\u00e5det gir mer lys ned mot bakken, og kan bidra til \u00e5 forhindre erosjon. I erosjonsutsatte omr\u00e5der er kombinasjonen av tr\u00e6r og grasdekket mark den beste kombinasjonen. De tr\u00e6rne man \u00f8nsker \u00e5 spare, kan man beskytte stammen mot barking med netting i 2 meters h\u00f8yde.<\/p>\n<p>I Oslo er det b\u00e5de gaupe og ulv, men den st\u00f8rste utfordringen i beiteperioden er l\u00f8shunder. Det er viktig med tilsyn rundt beitene, og \u00e5 skilte at det er dyr p\u00e5 beite slik at alle vet det. I tillegg m\u00e5 hundeeierne v\u00e6re bevisst sitt ansvar \u00e5 overholde b\u00e5ndtvang og ellers ha kontroll p\u00e5 hunden sin. Da unng\u00e5r man uheldige situasjoner, og at den utryddingstrua kystgeita blir skadd eller drept p\u00e5 beite.<\/p>\n","protected":false},"excerpt":{"rendered":"<p>Oslos gr\u00f8nne landskap er p\u00e5virket av menneskene som har levd der over generasjoner og hvordan vi har levd, med jordbruket, husdyrholdet og byen som har utviklet seg betydelig siden midten av 1900-tallet. Stedsnavn b\u00e6rer preg [&hellip;]<\/p>\n","protected":false},"author":1,"featured_media":87,"parent":0,"menu_order":0,"comment_status":"closed","ping_status":"closed","template":"","meta":{"footnotes":""},"_links":{"self":[{"href":"https:\/\/kystgeitaioslo.no\/index.php?rest_route=\/wp\/v2\/pages\/505"}],"collection":[{"href":"https:\/\/kystgeitaioslo.no\/index.php?rest_route=\/wp\/v2\/pages"}],"about":[{"href":"https:\/\/kystgeitaioslo.no\/index.php?rest_route=\/wp\/v2\/types\/page"}],"author":[{"embeddable":true,"href":"https:\/\/kystgeitaioslo.no\/index.php?rest_route=\/wp\/v2\/users\/1"}],"replies":[{"embeddable":true,"href":"https:\/\/kystgeitaioslo.no\/index.php?rest_route=%2Fwp%2Fv2%2Fcomments&post=505"}],"version-history":[{"count":2,"href":"https:\/\/kystgeitaioslo.no\/index.php?rest_route=\/wp\/v2\/pages\/505\/revisions"}],"predecessor-version":[{"id":591,"href":"https:\/\/kystgeitaioslo.no\/index.php?rest_route=\/wp\/v2\/pages\/505\/revisions\/591"}],"wp:featuredmedia":[{"embeddable":true,"href":"https:\/\/kystgeitaioslo.no\/index.php?rest_route=\/wp\/v2\/media\/87"}],"wp:attachment":[{"href":"https:\/\/kystgeitaioslo.no\/index.php?rest_route=%2Fwp%2Fv2%2Fmedia&parent=505"}],"curies":[{"name":"wp","href":"https:\/\/api.w.org\/{rel}","templated":true}]}}