{"id":2,"date":"2018-01-21T07:48:29","date_gmt":"2018-01-21T07:48:29","guid":{"rendered":"http:\/\/kystgeitaioslo.no\/?page_id=2"},"modified":"2021-06-07T19:39:50","modified_gmt":"2021-06-07T19:39:50","slug":"kontakt-oss","status":"publish","type":"page","link":"https:\/\/kystgeitaioslo.no\/?page_id=2","title":{"rendered":"Kontakt oss"},"content":{"rendered":"<h2>Livdyr<\/h2>\n<p>\u00abKystgeita i Oslo\u00bb er fortsatt et prosjekt under etablering. Det tar tid \u00e5 oppformere \u00abkopier\u00bb av alle hunndyrlinjene i hver familieflokk. N\u00e5r det selges ut en kopi av familieflokken s\u00e5 er m\u00e5let v\u00e5rt at det er en representant for hver hunndyrlinje med videre, for \u00e5 opprettholde st\u00f8rst mulig genetisk diversitet i hver flokk.<\/p>\n<p>Er du interessert i \u00e5 starte opp med kystgeiter i Oslo eller ved Oslofjorden ta gjerne kontakt:<br \/>\n<a href=\"mailto:jonas.gjerstad@bym.oslo.kommune.no\">jonas.gjerstad@bym.oslo.kommune.no<\/a><\/p>\n<p>&nbsp;<\/p>\n<h2>Lokalmat av kystgeit<\/h2>\n<p>Geitekj\u00f8ttet er magert og med en god og mild smak som b\u00e6rer preg av viltsmak. Vi \u00f8nsker \u00e5 kunne tilby hele eller halve slakt av kystgeiter til restauranter og spesialbedrifter som vil videreforedle kystgeitkj\u00f8tt fra Oslos gr\u00f8nne landskap. Produksjonen er begrenset siden det er basert p\u00e5 kastratbukker som er med minst to beitesesonger.<\/p>\n<p>Er dette noe for din restaurant eller bedrift, ta kontakt med oss:<br \/>\n<a href=\"mailto:jonas.gjerstad@bym.oslo.kommune.no\">jonas.gjerstad@bym.oslo.kommune.no<\/a><\/p>\n","protected":false},"excerpt":{"rendered":"<p>Livdyr \u00abKystgeita i Oslo\u00bb er fortsatt et prosjekt under etablering. Det tar tid \u00e5 oppformere \u00abkopier\u00bb av alle hunndyrlinjene i hver familieflokk. N\u00e5r det selges ut en kopi av familieflokken s\u00e5 er m\u00e5let v\u00e5rt at [&hellip;]<\/p>\n","protected":false},"author":1,"featured_media":0,"parent":0,"menu_order":0,"comment_status":"closed","ping_status":"open","template":"","meta":{"footnotes":""},"_links":{"self":[{"href":"https:\/\/kystgeitaioslo.no\/index.php?rest_route=\/wp\/v2\/pages\/2"}],"collection":[{"href":"https:\/\/kystgeitaioslo.no\/index.php?rest_route=\/wp\/v2\/pages"}],"about":[{"href":"https:\/\/kystgeitaioslo.no\/index.php?rest_route=\/wp\/v2\/types\/page"}],"author":[{"embeddable":true,"href":"https:\/\/kystgeitaioslo.no\/index.php?rest_route=\/wp\/v2\/users\/1"}],"replies":[{"embeddable":true,"href":"https:\/\/kystgeitaioslo.no\/index.php?rest_route=%2Fwp%2Fv2%2Fcomments&post=2"}],"version-history":[{"count":2,"href":"https:\/\/kystgeitaioslo.no\/index.php?rest_route=\/wp\/v2\/pages\/2\/revisions"}],"predecessor-version":[{"id":612,"href":"https:\/\/kystgeitaioslo.no\/index.php?rest_route=\/wp\/v2\/pages\/2\/revisions\/612"}],"wp:attachment":[{"href":"https:\/\/kystgeitaioslo.no\/index.php?rest_route=%2Fwp%2Fv2%2Fmedia&parent=2"}],"curies":[{"name":"wp","href":"https:\/\/api.w.org\/{rel}","templated":true}]}}